{"id":465,"date":"2025-08-07T17:48:02","date_gmt":"2025-08-07T17:48:02","guid":{"rendered":"https:\/\/13lunaschile.com\/?page_id=465"},"modified":"2026-03-18T13:33:56","modified_gmt":"2026-03-18T13:33:56","slug":"servicios","status":"publish","type":"page","link":"https:\/\/13lunaschile.com\/en\/servicios\/","title":{"rendered":"Servicios"},"content":{"rendered":"<div data-elementor-type=\"wp-page\" data-elementor-id=\"465\" class=\"elementor elementor-465\">\n\t\t\t\t<div class=\"elementor-element elementor-element-fb51e7a e-flex e-con-boxed parallax_section_no qode_elementor_container_no e-con e-parent\" data-id=\"fb51e7a\" data-element_type=\"container\">\n\t\t\t\t\t<div class=\"e-con-inner\">\n\t\t\t\t\t<\/div>\n\t\t\t\t<\/div>\n\t\t<div class=\"elementor-element elementor-element-3e18ddf e-flex e-con-boxed parallax_section_no qode_elementor_container_no e-con e-parent\" data-id=\"3e18ddf\" data-element_type=\"container\">\n\t\t\t\t\t<div class=\"e-con-inner\">\n\t\t\t\t<div class=\"elementor-element elementor-element-d4c9c9d elementor-widget elementor-widget-spacer\" data-id=\"d4c9c9d\" data-element_type=\"widget\" data-widget_type=\"spacer.default\">\n\t\t\t\t\t\t\t<div class=\"elementor-spacer\">\n\t\t\t<div class=\"elementor-spacer-inner\"><\/div>\n\t\t<\/div>\n\t\t\t\t\t\t<\/div>\n\t\t\t\t\t<\/div>\n\t\t\t\t<\/div>\n\t\t\t\t<section class=\"elementor-section elementor-top-section elementor-element elementor-element-9046146 elementor-section-full_width qode_elementor_container_inner elementor-section-height-default elementor-section-height-default parallax_section_no\" data-id=\"9046146\" data-element_type=\"section\">\n\t\t\t\t\t\t<div class=\"elementor-container elementor-column-gap-default\">\n\t\t\t\t\t<div class=\"elementor-column elementor-col-50 elementor-top-column elementor-element elementor-element-24801b6\" data-id=\"24801b6\" data-element_type=\"column\">\n\t\t\t<div class=\"elementor-widget-wrap elementor-element-populated\">\n\t\t\t\t\t\t<div class=\"elementor-element elementor-element-d51572c elementor-widget elementor-widget-image\" data-id=\"d51572c\" data-element_type=\"widget\" data-widget_type=\"image.default\">\n\t\t\t\t\t\t\t\t\t\t\t\t\t\t\t<img fetchpriority=\"high\" decoding=\"async\" width=\"1600\" height=\"1200\" src=\"https:\/\/13lunaschile.com\/wp-content\/uploads\/2025\/07\/Imagen-de-WhatsApp-2024-12-20-a-las-21.53.34_609838a2.jpg\" class=\"attachment-full size-full wp-image-405\" alt=\"\" srcset=\"https:\/\/13lunaschile.com\/wp-content\/uploads\/2025\/07\/Imagen-de-WhatsApp-2024-12-20-a-las-21.53.34_609838a2.jpg 1600w, https:\/\/13lunaschile.com\/wp-content\/uploads\/2025\/07\/Imagen-de-WhatsApp-2024-12-20-a-las-21.53.34_609838a2-300x225.jpg 300w, https:\/\/13lunaschile.com\/wp-content\/uploads\/2025\/07\/Imagen-de-WhatsApp-2024-12-20-a-las-21.53.34_609838a2-1024x768.jpg 1024w, https:\/\/13lunaschile.com\/wp-content\/uploads\/2025\/07\/Imagen-de-WhatsApp-2024-12-20-a-las-21.53.34_609838a2-768x576.jpg 768w, https:\/\/13lunaschile.com\/wp-content\/uploads\/2025\/07\/Imagen-de-WhatsApp-2024-12-20-a-las-21.53.34_609838a2-1536x1152.jpg 1536w, https:\/\/13lunaschile.com\/wp-content\/uploads\/2025\/07\/Imagen-de-WhatsApp-2024-12-20-a-las-21.53.34_609838a2-800x600.jpg 800w, https:\/\/13lunaschile.com\/wp-content\/uploads\/2025\/07\/Imagen-de-WhatsApp-2024-12-20-a-las-21.53.34_609838a2-700x525.jpg 700w\" sizes=\"(max-width: 1600px) 100vw, 1600px\" \/>\t\t\t\t\t\t\t\t\t\t\t\t\t\t\t<\/div>\n\t\t\t\t\t<\/div>\n\t\t<\/div>\n\t\t\t\t<div class=\"elementor-column elementor-col-50 elementor-top-column elementor-element elementor-element-2d9905b\" data-id=\"2d9905b\" data-element_type=\"column\">\n\t\t\t<div class=\"elementor-widget-wrap elementor-element-populated\">\n\t\t\t\t\t\t<div class=\"elementor-element elementor-element-7eb7681 elementor-widget elementor-widget-heading\" data-id=\"7eb7681\" data-element_type=\"widget\" data-widget_type=\"heading.default\">\n\t\t\t\t\t<h3 class=\"elementor-heading-title elementor-size-default\">CONVIERTE TU ESTAD\u00cdA EN LA MEJOR AVENTURA<\/h3>\t\t\t\t<\/div>\n\t\t\t\t<div class=\"elementor-element elementor-element-8c51a1c elementor-widget elementor-widget-spacer\" data-id=\"8c51a1c\" data-element_type=\"widget\" data-widget_type=\"spacer.default\">\n\t\t\t\t\t\t\t<div class=\"elementor-spacer\">\n\t\t\t<div class=\"elementor-spacer-inner\"><\/div>\n\t\t<\/div>\n\t\t\t\t\t\t<\/div>\n\t\t\t\t<div class=\"elementor-element elementor-element-26a503d elementor-widget elementor-widget-text-editor\" data-id=\"26a503d\" data-element_type=\"widget\" data-widget_type=\"text-editor.default\">\n\t\t\t\t\t\t\t\t\t<p>Avistamiento de ping\u00fcinos, ballenas, Pud\u00fas y m\u00e1s fauna t\u00edpica del archipi\u00e9lago de Chilo\u00e9. Recorridos en kayak, caminatas por senderos \u00fanicos e incre\u00edbles, visitas guiadas a patrimonios hist\u00f3ricos y mitol\u00f3gicos de la ciudad y mucho m\u00e1s.\u00a0<\/p>\t\t\t\t\t\t\t\t<\/div>\n\t\t\t\t<div class=\"elementor-element elementor-element-cfef98c elementor-widget elementor-widget-spacer\" data-id=\"cfef98c\" data-element_type=\"widget\" data-widget_type=\"spacer.default\">\n\t\t\t\t\t\t\t<div class=\"elementor-spacer\">\n\t\t\t<div class=\"elementor-spacer-inner\"><\/div>\n\t\t<\/div>\n\t\t\t\t\t\t<\/div>\n\t\t\t\t<div class=\"elementor-element elementor-element-eaab000 elementor-widget elementor-widget-button\" data-id=\"eaab000\" data-element_type=\"widget\" data-widget_type=\"button.default\">\n\t\t\t\t\t\t\t\t\t\t<a class=\"elementor-button elementor-button-link elementor-size-sm\" href=\"https:\/\/13lunaschile.com\/en\/contacto\/\">\n\t\t\t\t\t\t<span class=\"elementor-button-content-wrapper\">\n\t\t\t\t\t\t<span class=\"elementor-button-icon\">\n\t\t\t\t<svg aria-hidden=\"true\" class=\"e-font-icon-svg e-far-arrow-alt-circle-right\" viewbox=\"0 0 512 512\" xmlns=\"http:\/\/www.w3.org\/2000\/svg\"><path d=\"M504 256C504 119 393 8 256 8S8 119 8 256s111 248 248 248 248-111 248-248zm-448 0c0-110.5 89.5-200 200-200s200 89.5 200 200-89.5 200-200 200S56 366.5 56 256zm72 20v-40c0-6.6 5.4-12 12-12h116v-67c0-10.7 12.9-16 20.5-8.5l99 99c4.7 4.7 4.7 12.3 0 17l-99 99c-7.6 7.6-20.5 2.2-20.5-8.5v-67H140c-6.6 0-12-5.4-12-12z\"><\/path><\/svg>\t\t\t<\/span>\n\t\t\t\t\t\t\t\t\t<span class=\"elementor-button-text\">Cont\u00e1ctate aqu\u00ed<\/span>\n\t\t\t\t\t<\/span>\n\t\t\t\t\t<\/a>\n\t\t\t\t\t\t\t\t<\/div>\n\t\t\t\t\t<\/div>\n\t\t<\/div>\n\t\t\t\t\t<\/div>\n\t\t<\/section>\n\t\t\t\t<section class=\"elementor-section elementor-top-section elementor-element elementor-element-d8e0c9b elementor-section-full_width qode_elementor_container_inner elementor-section-height-default elementor-section-height-default parallax_section_no\" data-id=\"d8e0c9b\" data-element_type=\"section\">\n\t\t\t\t\t\t<div class=\"elementor-container elementor-column-gap-default\">\n\t\t\t\t\t<div class=\"elementor-column elementor-col-50 elementor-top-column elementor-element elementor-element-6f326e1\" data-id=\"6f326e1\" data-element_type=\"column\">\n\t\t\t<div class=\"elementor-widget-wrap elementor-element-populated\">\n\t\t\t\t\t\t<div class=\"elementor-element elementor-element-416c87e elementor-widget elementor-widget-heading\" data-id=\"416c87e\" data-element_type=\"widget\" data-widget_type=\"heading.default\">\n\t\t\t\t\t<h3 class=\"elementor-heading-title elementor-size-default\">LUGARES Y MOMENTOS QUE DEBES CONOCER<\/h3>\t\t\t\t<\/div>\n\t\t\t\t<div class=\"elementor-element elementor-element-4950bcc elementor-widget elementor-widget-spacer\" data-id=\"4950bcc\" data-element_type=\"widget\" data-widget_type=\"spacer.default\">\n\t\t\t\t\t\t\t<div class=\"elementor-spacer\">\n\t\t\t<div class=\"elementor-spacer-inner\"><\/div>\n\t\t<\/div>\n\t\t\t\t\t\t<\/div>\n\t\t\t\t<div class=\"elementor-element elementor-element-6cb45ac elementor-widget elementor-widget-text-editor\" data-id=\"6cb45ac\" data-element_type=\"widget\" data-widget_type=\"text-editor.default\">\n\t\t\t\t\t\t\t\t\t<p>Playas \u00fanicas. Flora y fauna silvestre de la zona. Fiestas tradicionales de Ancud y Chilo\u00e9. Gastronom\u00eda t\u00edpica del archipi\u00e9lago de Chilo\u00e9 y mucho m\u00e1s.<\/p>\t\t\t\t\t\t\t\t<\/div>\n\t\t\t\t<div class=\"elementor-element elementor-element-c28a23c elementor-widget elementor-widget-spacer\" data-id=\"c28a23c\" data-element_type=\"widget\" data-widget_type=\"spacer.default\">\n\t\t\t\t\t\t\t<div class=\"elementor-spacer\">\n\t\t\t<div class=\"elementor-spacer-inner\"><\/div>\n\t\t<\/div>\n\t\t\t\t\t\t<\/div>\n\t\t\t\t<div class=\"elementor-element elementor-element-eaae528 elementor-widget elementor-widget-button\" data-id=\"eaae528\" data-element_type=\"widget\" data-widget_type=\"button.default\">\n\t\t\t\t\t\t\t\t\t\t<a class=\"elementor-button elementor-button-link elementor-size-sm\" href=\"https:\/\/13lunaschile.com\/en\/contacto\/\">\n\t\t\t\t\t\t<span class=\"elementor-button-content-wrapper\">\n\t\t\t\t\t\t<span class=\"elementor-button-icon\">\n\t\t\t\t<svg aria-hidden=\"true\" class=\"e-font-icon-svg e-far-arrow-alt-circle-right\" viewbox=\"0 0 512 512\" xmlns=\"http:\/\/www.w3.org\/2000\/svg\"><path d=\"M504 256C504 119 393 8 256 8S8 119 8 256s111 248 248 248 248-111 248-248zm-448 0c0-110.5 89.5-200 200-200s200 89.5 200 200-89.5 200-200 200S56 366.5 56 256zm72 20v-40c0-6.6 5.4-12 12-12h116v-67c0-10.7 12.9-16 20.5-8.5l99 99c4.7 4.7 4.7 12.3 0 17l-99 99c-7.6 7.6-20.5 2.2-20.5-8.5v-67H140c-6.6 0-12-5.4-12-12z\"><\/path><\/svg>\t\t\t<\/span>\n\t\t\t\t\t\t\t\t\t<span class=\"elementor-button-text\">Reserva tus tours y servicios especiales aqu\u00ed<\/span>\n\t\t\t\t\t<\/span>\n\t\t\t\t\t<\/a>\n\t\t\t\t\t\t\t\t<\/div>\n\t\t\t\t\t<\/div>\n\t\t<\/div>\n\t\t\t\t<div class=\"elementor-column elementor-col-50 elementor-top-column elementor-element elementor-element-9b659f6\" data-id=\"9b659f6\" data-element_type=\"column\">\n\t\t\t<div class=\"elementor-widget-wrap elementor-element-populated\">\n\t\t\t\t\t\t<div class=\"elementor-element elementor-element-d5a3cb4 elementor-widget elementor-widget-image\" data-id=\"d5a3cb4\" data-element_type=\"widget\" data-widget_type=\"image.default\">\n\t\t\t\t\t\t\t\t\t\t\t\t\t\t\t<img decoding=\"async\" width=\"1280\" height=\"960\" src=\"https:\/\/13lunaschile.com\/wp-content\/uploads\/2025\/09\/IMG-20240923-WA0001.jpg\" class=\"attachment-full size-full wp-image-835\" alt=\"\" srcset=\"https:\/\/13lunaschile.com\/wp-content\/uploads\/2025\/09\/IMG-20240923-WA0001.jpg 1280w, https:\/\/13lunaschile.com\/wp-content\/uploads\/2025\/09\/IMG-20240923-WA0001-300x225.jpg 300w, https:\/\/13lunaschile.com\/wp-content\/uploads\/2025\/09\/IMG-20240923-WA0001-1024x768.jpg 1024w, https:\/\/13lunaschile.com\/wp-content\/uploads\/2025\/09\/IMG-20240923-WA0001-768x576.jpg 768w, https:\/\/13lunaschile.com\/wp-content\/uploads\/2025\/09\/IMG-20240923-WA0001-800x600.jpg 800w, https:\/\/13lunaschile.com\/wp-content\/uploads\/2025\/09\/IMG-20240923-WA0001-700x525.jpg 700w\" sizes=\"(max-width: 1280px) 100vw, 1280px\" \/>\t\t\t\t\t\t\t\t\t\t\t\t\t\t\t<\/div>\n\t\t\t\t\t<\/div>\n\t\t<\/div>\n\t\t\t\t\t<\/div>\n\t\t<\/section>\n\t\t<div class=\"elementor-element elementor-element-a818116 e-con-full e-flex parallax_section_no qode_elementor_container_no e-con e-parent\" data-id=\"a818116\" data-element_type=\"container\" data-settings=\"{&quot;background_background&quot;:&quot;classic&quot;}\">\n\t\t\t\t<div class=\"elementor-element elementor-element-3b75b3f elementor-widget elementor-widget-heading\" data-id=\"3b75b3f\" data-element_type=\"widget\" data-widget_type=\"heading.default\">\n\t\t\t\t\t<h4 class=\"elementor-heading-title elementor-size-default\">13 Lunas Hostel<\/h4>\t\t\t\t<\/div>\n\t\t\t\t<div class=\"elementor-element elementor-element-3febd95 elementor-widget elementor-widget-heading\" data-id=\"3febd95\" data-element_type=\"widget\" data-widget_type=\"heading.default\">\n\t\t\t\t\t<h3 class=\"elementor-heading-title elementor-size-default\">Vive Ancud de una forma \u00fanica e inolvidable<\/h3>\t\t\t\t<\/div>\n\t\t\t\t<\/div>\n\t\t<div class=\"elementor-element elementor-element-fcddf6d e-flex e-con-boxed parallax_section_no qode_elementor_container_no e-con e-parent\" data-id=\"fcddf6d\" data-element_type=\"container\" data-settings=\"{&quot;background_background&quot;:&quot;classic&quot;}\">\n\t\t\t\t\t<div class=\"e-con-inner\">\n\t\t<div class=\"elementor-element elementor-element-cf59f13 e-con-full e-flex parallax_section_no qode_elementor_container_no e-con e-child\" data-id=\"cf59f13\" data-element_type=\"container\">\n\t\t\t\t<div class=\"elementor-element elementor-element-cc55adf elementor-widget elementor-widget-image\" data-id=\"cc55adf\" data-element_type=\"widget\" data-widget_type=\"image.default\">\n\t\t\t\t\t\t\t\t\t\t\t\t\t\t\t<img decoding=\"async\" width=\"768\" height=\"1024\" src=\"https:\/\/13lunaschile.com\/wp-content\/uploads\/2025\/08\/kayak-768x1024.jpg\" class=\"attachment-large size-large wp-image-678\" alt=\"\" srcset=\"https:\/\/13lunaschile.com\/wp-content\/uploads\/2025\/08\/kayak-768x1024.jpg 768w, https:\/\/13lunaschile.com\/wp-content\/uploads\/2025\/08\/kayak-225x300.jpg 225w, https:\/\/13lunaschile.com\/wp-content\/uploads\/2025\/08\/kayak-600x800.jpg 600w, https:\/\/13lunaschile.com\/wp-content\/uploads\/2025\/08\/kayak-700x933.jpg 700w, https:\/\/13lunaschile.com\/wp-content\/uploads\/2025\/08\/kayak.jpg 960w\" sizes=\"(max-width: 768px) 100vw, 768px\" \/>\t\t\t\t\t\t\t\t\t\t\t\t\t\t\t<\/div>\n\t\t\t\t<div class=\"elementor-element elementor-element-874c6c3 elementor-widget elementor-widget-image\" data-id=\"874c6c3\" data-element_type=\"widget\" data-widget_type=\"image.default\">\n\t\t\t\t\t\t\t\t\t\t\t\t\t\t\t<img loading=\"lazy\" decoding=\"async\" width=\"1024\" height=\"768\" src=\"https:\/\/13lunaschile.com\/wp-content\/uploads\/2025\/09\/IMG_1959-1-1024x768.jpg\" class=\"attachment-large size-large wp-image-1077\" alt=\"\" srcset=\"https:\/\/13lunaschile.com\/wp-content\/uploads\/2025\/09\/IMG_1959-1-1024x768.jpg 1024w, https:\/\/13lunaschile.com\/wp-content\/uploads\/2025\/09\/IMG_1959-1-300x225.jpg 300w, https:\/\/13lunaschile.com\/wp-content\/uploads\/2025\/09\/IMG_1959-1-768x576.jpg 768w, https:\/\/13lunaschile.com\/wp-content\/uploads\/2025\/09\/IMG_1959-1-1536x1152.jpg 1536w, https:\/\/13lunaschile.com\/wp-content\/uploads\/2025\/09\/IMG_1959-1-800x600.jpg 800w, https:\/\/13lunaschile.com\/wp-content\/uploads\/2025\/09\/IMG_1959-1-700x525.jpg 700w, https:\/\/13lunaschile.com\/wp-content\/uploads\/2025\/09\/IMG_1959-1.jpg 1920w\" sizes=\"(max-width: 1024px) 100vw, 1024px\" \/>\t\t\t\t\t\t\t\t\t\t\t\t\t\t\t<\/div>\n\t\t\t\t<div class=\"elementor-element elementor-element-536ca8a elementor-widget elementor-widget-image\" data-id=\"536ca8a\" data-element_type=\"widget\" data-widget_type=\"image.default\">\n\t\t\t\t\t\t\t\t\t\t\t\t\t\t\t<img loading=\"lazy\" decoding=\"async\" width=\"576\" height=\"1024\" src=\"https:\/\/13lunaschile.com\/wp-content\/uploads\/2025\/09\/IMG_2707_2-576x1024.jpg\" class=\"attachment-large size-large wp-image-1073\" alt=\"\" srcset=\"https:\/\/13lunaschile.com\/wp-content\/uploads\/2025\/09\/IMG_2707_2-576x1024.jpg 576w, https:\/\/13lunaschile.com\/wp-content\/uploads\/2025\/09\/IMG_2707_2-169x300.jpg 169w, https:\/\/13lunaschile.com\/wp-content\/uploads\/2025\/09\/IMG_2707_2-768x1365.jpg 768w, https:\/\/13lunaschile.com\/wp-content\/uploads\/2025\/09\/IMG_2707_2-864x1536.jpg 864w, https:\/\/13lunaschile.com\/wp-content\/uploads\/2025\/09\/IMG_2707_2-1152x2048.jpg 1152w, https:\/\/13lunaschile.com\/wp-content\/uploads\/2025\/09\/IMG_2707_2-700x1244.jpg 700w, https:\/\/13lunaschile.com\/wp-content\/uploads\/2025\/09\/IMG_2707_2.jpg 1213w\" sizes=\"(max-width: 576px) 100vw, 576px\" \/>\t\t\t\t\t\t\t\t\t\t\t\t\t\t\t<\/div>\n\t\t\t\t<\/div>\n\t\t<div class=\"elementor-element elementor-element-ec1e987 e-con-full e-flex parallax_section_no qode_elementor_container_no e-con e-child\" data-id=\"ec1e987\" data-element_type=\"container\">\n\t\t\t\t<div class=\"elementor-element elementor-element-4012f65 elementor-widget elementor-widget-image\" data-id=\"4012f65\" data-element_type=\"widget\" data-widget_type=\"image.default\">\n\t\t\t\t\t\t\t\t\t\t\t\t\t\t\t<img loading=\"lazy\" decoding=\"async\" width=\"1024\" height=\"929\" src=\"https:\/\/13lunaschile.com\/wp-content\/uploads\/2025\/08\/Pinguinos-1024x929.jpg\" class=\"attachment-large size-large wp-image-664\" alt=\"\" srcset=\"https:\/\/13lunaschile.com\/wp-content\/uploads\/2025\/08\/Pinguinos-1024x929.jpg 1024w, https:\/\/13lunaschile.com\/wp-content\/uploads\/2025\/08\/Pinguinos-300x272.jpg 300w, https:\/\/13lunaschile.com\/wp-content\/uploads\/2025\/08\/Pinguinos-768x697.jpg 768w, https:\/\/13lunaschile.com\/wp-content\/uploads\/2025\/08\/Pinguinos-700x635.jpg 700w, https:\/\/13lunaschile.com\/wp-content\/uploads\/2025\/08\/Pinguinos.jpg 1440w\" sizes=\"(max-width: 1024px) 100vw, 1024px\" \/>\t\t\t\t\t\t\t\t\t\t\t\t\t\t\t<\/div>\n\t\t\t\t<div class=\"elementor-element elementor-element-22ba683 elementor-widget elementor-widget-image\" data-id=\"22ba683\" data-element_type=\"widget\" data-widget_type=\"image.default\">\n\t\t\t\t\t\t\t\t\t\t\t\t\t\t\t<img loading=\"lazy\" decoding=\"async\" width=\"682\" height=\"1024\" src=\"https:\/\/13lunaschile.com\/wp-content\/uploads\/2025\/09\/AA020A-682x1024.jpg\" class=\"attachment-large size-large wp-image-1056\" alt=\"\" srcset=\"https:\/\/13lunaschile.com\/wp-content\/uploads\/2025\/09\/AA020A-682x1024.jpg 682w, https:\/\/13lunaschile.com\/wp-content\/uploads\/2025\/09\/AA020A-200x300.jpg 200w, https:\/\/13lunaschile.com\/wp-content\/uploads\/2025\/09\/AA020A-768x1153.jpg 768w, https:\/\/13lunaschile.com\/wp-content\/uploads\/2025\/09\/AA020A-700x1051.jpg 700w, https:\/\/13lunaschile.com\/wp-content\/uploads\/2025\/09\/AA020A.jpg 980w\" sizes=\"(max-width: 682px) 100vw, 682px\" \/>\t\t\t\t\t\t\t\t\t\t\t\t\t\t\t<\/div>\n\t\t\t\t<div class=\"elementor-element elementor-element-356e62e elementor-widget elementor-widget-image\" data-id=\"356e62e\" data-element_type=\"widget\" data-widget_type=\"image.default\">\n\t\t\t\t\t\t\t\t\t\t\t\t\t\t\t<img loading=\"lazy\" decoding=\"async\" width=\"682\" height=\"1024\" src=\"https:\/\/13lunaschile.com\/wp-content\/uploads\/2025\/09\/AA021A-682x1024.jpg\" class=\"attachment-large size-large wp-image-1057\" alt=\"\" srcset=\"https:\/\/13lunaschile.com\/wp-content\/uploads\/2025\/09\/AA021A-682x1024.jpg 682w, https:\/\/13lunaschile.com\/wp-content\/uploads\/2025\/09\/AA021A-200x300.jpg 200w, https:\/\/13lunaschile.com\/wp-content\/uploads\/2025\/09\/AA021A-768x1153.jpg 768w, https:\/\/13lunaschile.com\/wp-content\/uploads\/2025\/09\/AA021A-700x1051.jpg 700w, https:\/\/13lunaschile.com\/wp-content\/uploads\/2025\/09\/AA021A.jpg 980w\" sizes=\"(max-width: 682px) 100vw, 682px\" \/>\t\t\t\t\t\t\t\t\t\t\t\t\t\t\t<\/div>\n\t\t\t\t<\/div>\n\t\t<div class=\"elementor-element elementor-element-425de2a e-con-full e-flex parallax_section_no qode_elementor_container_no e-con e-child\" data-id=\"425de2a\" data-element_type=\"container\">\n\t\t\t\t<div class=\"elementor-element elementor-element-550ac64 elementor-widget elementor-widget-image\" data-id=\"550ac64\" data-element_type=\"widget\" data-widget_type=\"image.default\">\n\t\t\t\t\t\t\t\t\t\t\t\t\t\t\t<img loading=\"lazy\" decoding=\"async\" width=\"768\" height=\"1024\" src=\"https:\/\/13lunaschile.com\/wp-content\/uploads\/2025\/09\/IMG_4706_2-768x1024.jpg\" class=\"attachment-large size-large wp-image-1081\" alt=\"\" srcset=\"https:\/\/13lunaschile.com\/wp-content\/uploads\/2025\/09\/IMG_4706_2-768x1024.jpg 768w, https:\/\/13lunaschile.com\/wp-content\/uploads\/2025\/09\/IMG_4706_2-225x300.jpg 225w, https:\/\/13lunaschile.com\/wp-content\/uploads\/2025\/09\/IMG_4706_2-600x800.jpg 600w, https:\/\/13lunaschile.com\/wp-content\/uploads\/2025\/09\/IMG_4706_2-700x933.jpg 700w, https:\/\/13lunaschile.com\/wp-content\/uploads\/2025\/09\/IMG_4706_2.jpg 1024w\" sizes=\"(max-width: 768px) 100vw, 768px\" \/>\t\t\t\t\t\t\t\t\t\t\t\t\t\t\t<\/div>\n\t\t\t\t<div class=\"elementor-element elementor-element-e7333de elementor-widget elementor-widget-image\" data-id=\"e7333de\" data-element_type=\"widget\" data-widget_type=\"image.default\">\n\t\t\t\t\t\t\t\t\t\t\t\t\t\t\t<img loading=\"lazy\" decoding=\"async\" width=\"1024\" height=\"601\" src=\"https:\/\/13lunaschile.com\/wp-content\/uploads\/2025\/08\/IMG_0176_-1024x601.jpg\" class=\"attachment-large size-large wp-image-482\" alt=\"\" srcset=\"https:\/\/13lunaschile.com\/wp-content\/uploads\/2025\/08\/IMG_0176_-1024x601.jpg 1024w, https:\/\/13lunaschile.com\/wp-content\/uploads\/2025\/08\/IMG_0176_-300x176.jpg 300w, https:\/\/13lunaschile.com\/wp-content\/uploads\/2025\/08\/IMG_0176_-768x450.jpg 768w, https:\/\/13lunaschile.com\/wp-content\/uploads\/2025\/08\/IMG_0176_-700x411.jpg 700w, https:\/\/13lunaschile.com\/wp-content\/uploads\/2025\/08\/IMG_0176_.jpg 1400w\" sizes=\"(max-width: 1024px) 100vw, 1024px\" \/>\t\t\t\t\t\t\t\t\t\t\t\t\t\t\t<\/div>\n\t\t\t\t<div class=\"elementor-element elementor-element-23e4f48 elementor-widget elementor-widget-image\" data-id=\"23e4f48\" data-element_type=\"widget\" data-widget_type=\"image.default\">\n\t\t\t\t\t\t\t\t\t\t\t\t\t\t\t<img loading=\"lazy\" decoding=\"async\" width=\"768\" height=\"1024\" src=\"https:\/\/13lunaschile.com\/wp-content\/uploads\/2025\/09\/IMG_1723_2-768x1024.jpg\" class=\"attachment-large size-large wp-image-1085\" alt=\"\" srcset=\"https:\/\/13lunaschile.com\/wp-content\/uploads\/2025\/09\/IMG_1723_2-768x1024.jpg 768w, https:\/\/13lunaschile.com\/wp-content\/uploads\/2025\/09\/IMG_1723_2-225x300.jpg 225w, https:\/\/13lunaschile.com\/wp-content\/uploads\/2025\/09\/IMG_1723_2-600x800.jpg 600w, https:\/\/13lunaschile.com\/wp-content\/uploads\/2025\/09\/IMG_1723_2-700x934.jpg 700w, https:\/\/13lunaschile.com\/wp-content\/uploads\/2025\/09\/IMG_1723_2.jpg 1025w\" sizes=\"(max-width: 768px) 100vw, 768px\" \/>\t\t\t\t\t\t\t\t\t\t\t\t\t\t\t<\/div>\n\t\t\t\t<div class=\"elementor-element elementor-element-86644a6 elementor-widget elementor-widget-image\" data-id=\"86644a6\" data-element_type=\"widget\" data-widget_type=\"image.default\">\n\t\t\t\t\t\t\t\t\t\t\t\t\t\t\t<img loading=\"lazy\" decoding=\"async\" width=\"1024\" height=\"768\" src=\"https:\/\/13lunaschile.com\/wp-content\/uploads\/2025\/08\/IMG_4422_2-1024x768.jpg\" class=\"attachment-large size-large wp-image-675\" alt=\"\" srcset=\"https:\/\/13lunaschile.com\/wp-content\/uploads\/2025\/08\/IMG_4422_2-1024x768.jpg 1024w, https:\/\/13lunaschile.com\/wp-content\/uploads\/2025\/08\/IMG_4422_2-300x225.jpg 300w, https:\/\/13lunaschile.com\/wp-content\/uploads\/2025\/08\/IMG_4422_2-768x576.jpg 768w, https:\/\/13lunaschile.com\/wp-content\/uploads\/2025\/08\/IMG_4422_2-1536x1152.jpg 1536w, https:\/\/13lunaschile.com\/wp-content\/uploads\/2025\/08\/IMG_4422_2-800x600.jpg 800w, https:\/\/13lunaschile.com\/wp-content\/uploads\/2025\/08\/IMG_4422_2-700x525.jpg 700w, https:\/\/13lunaschile.com\/wp-content\/uploads\/2025\/08\/IMG_4422_2.jpg 1712w\" sizes=\"(max-width: 1024px) 100vw, 1024px\" \/>\t\t\t\t\t\t\t\t\t\t\t\t\t\t\t<\/div>\n\t\t\t\t<\/div>\n\t\t<div class=\"elementor-element elementor-element-e215208 e-con-full e-flex parallax_section_no qode_elementor_container_no e-con e-child\" data-id=\"e215208\" data-element_type=\"container\">\n\t\t\t\t<\/div>\n\t\t<div class=\"elementor-element elementor-element-78db9d7 e-con-full e-flex parallax_section_no qode_elementor_container_no e-con e-child\" data-id=\"78db9d7\" data-element_type=\"container\">\n\t\t\t\t<\/div>\n\t\t<div class=\"elementor-element elementor-element-00c1073 e-con-full e-flex parallax_section_no qode_elementor_container_no e-con e-child\" data-id=\"00c1073\" data-element_type=\"container\">\n\t\t\t\t<\/div>\n\t\t\t\t\t<\/div>\n\t\t\t\t<\/div>\n\t\t<div class=\"elementor-element elementor-element-845fb8e e-flex e-con-boxed parallax_section_no qode_elementor_container_no e-con e-parent\" data-id=\"845fb8e\" data-element_type=\"container\">\n\t\t\t\t\t<div class=\"e-con-inner\">\n\t\t\t\t<div class=\"elementor-element elementor-element-fdb85b4 elementor-widget elementor-widget-heading\" data-id=\"fdb85b4\" data-element_type=\"widget\" data-widget_type=\"heading.default\">\n\t\t\t\t\t<h4 class=\"elementor-heading-title elementor-size-default\">Ruta Kayak al amanecer en el bosque sumergido - Ruta Ping\u00fcineras Monumento Natural Islotes de Pu\u00f1ihuil - Ruta Trekking \"Acantilados, playas y bosque\" Duhatao-Chepu - Ruta Trekking \"El naufragio de Ahuenco\" - Ruta kayak  \"Flamencos en Rio San Antonio\". <\/h4>\t\t\t\t<\/div>\n\t\t\t\t\t<\/div>\n\t\t\t\t<\/div>\n\t\t<div class=\"elementor-element elementor-element-bd9ac14 e-flex e-con-boxed parallax_section_no qode_elementor_container_no e-con e-parent\" data-id=\"bd9ac14\" data-element_type=\"container\">\n\t\t\t\t\t<div class=\"e-con-inner\">\n\t\t\t\t\t<\/div>\n\t\t\t\t<\/div>\n\t\t<div class=\"elementor-element elementor-element-6f2df52 e-flex e-con-boxed parallax_section_no qode_elementor_container_no e-con e-parent\" data-id=\"6f2df52\" data-element_type=\"container\">\n\t\t\t\t\t<div class=\"e-con-inner\">\n\t\t\t\t<div class=\"elementor-element elementor-element-af3e7fa elementor-widget elementor-widget-spacer\" data-id=\"af3e7fa\" data-element_type=\"widget\" data-widget_type=\"spacer.default\">\n\t\t\t\t\t\t\t<div class=\"elementor-spacer\">\n\t\t\t<div class=\"elementor-spacer-inner\"><\/div>\n\t\t<\/div>\n\t\t\t\t\t\t<\/div>\n\t\t\t\t\t<\/div>\n\t\t\t\t<\/div>\n\t\t\t\t<\/div>","protected":false},"excerpt":{"rendered":"<p>CONVIERTE TU ESTAD\u00cdA EN LA MEJOR AVENTURA Avistamiento de ping\u00fcinos, ballenas, Pud\u00fas y m\u00e1s fauna t\u00edpica del archipi\u00e9lago de Chilo\u00e9. Recorridos en kayak, caminatas por senderos \u00fanicos e incre\u00edbles, visitas guiadas a patrimonios hist\u00f3ricos y mitol\u00f3gicos de la ciudad y mucho m\u00e1s.\u00a0 Cont\u00e1ctate aqu\u00ed LUGARES&#8230;<\/p>","protected":false},"author":2,"featured_media":0,"parent":0,"menu_order":0,"comment_status":"closed","ping_status":"closed","template":"","meta":{"footnotes":""},"class_list":["post-465","page","type-page","status-publish","hentry"],"_links":{"self":[{"href":"https:\/\/13lunaschile.com\/en\/wp-json\/wp\/v2\/pages\/465","targetHints":{"allow":["GET"]}}],"collection":[{"href":"https:\/\/13lunaschile.com\/en\/wp-json\/wp\/v2\/pages"}],"about":[{"href":"https:\/\/13lunaschile.com\/en\/wp-json\/wp\/v2\/types\/page"}],"author":[{"embeddable":true,"href":"https:\/\/13lunaschile.com\/en\/wp-json\/wp\/v2\/users\/2"}],"replies":[{"embeddable":true,"href":"https:\/\/13lunaschile.com\/en\/wp-json\/wp\/v2\/comments?post=465"}],"version-history":[{"count":110,"href":"https:\/\/13lunaschile.com\/en\/wp-json\/wp\/v2\/pages\/465\/revisions"}],"predecessor-version":[{"id":1212,"href":"https:\/\/13lunaschile.com\/en\/wp-json\/wp\/v2\/pages\/465\/revisions\/1212"}],"wp:attachment":[{"href":"https:\/\/13lunaschile.com\/en\/wp-json\/wp\/v2\/media?parent=465"}],"curies":[{"name":"wp","href":"https:\/\/api.w.org\/{rel}","templated":true}]}}